{"id":2,"date":"2016-09-01T10:43:00","date_gmt":"2016-09-01T09:43:00","guid":{"rendered":"http:\/\/audreyetkevin.fr\/voyage\/?page_id=2"},"modified":"2016-09-25T17:33:11","modified_gmt":"2016-09-25T16:33:11","slug":"page-d-exemple","status":"publish","type":"page","link":"http:\/\/audreyetkevin.fr\/voyage\/index.php\/page-d-exemple\/","title":{"rendered":"Notre itin\u00e9raire"},"content":{"rendered":"<p dir=\"ltr\">Pour les personnes qui souhaiteraient nous suivre voustrouverez ci-dessous les grandes \u00e9tapes avec les dates des vols internationaux pr\u00e9vus initialement. Tout pouvant \u00eatre amen\u00e9 \u00e0 \u00e9voluer, si modification il y a nous tacherons d\u2019essayer de maintenir cette page \u00e0 jour.<\/p>\r\n\r\n<blockquote>Un grand d\u00e9part pr\u00e9vu pour le 26 septembre 2016<\/blockquote>\r\nLe premier vol d\u00e9colera le 26 septembre \u00e0 destination de Sydney via une escale de 4h \u00e0 Doha au Qatar.\r\n<blockquote>Une fois remis du d\u00e9calage horaire de 10h, les choses s\u00e9rieuses vont commencer !<\/blockquote>\r\n<p dir=\"ltr\"><strong>Un envol pour la Nouvelle Z\u00e9lande (Queenstown) le lundi 03 Octobre.<\/strong><\/p>\r\n<p dir=\"ltr\">20 jours pour arpenter les deux iles en camping car et arriver \u00e0 Auckland.<\/p>\r\n\r\n<blockquote>Une occasion unique de remonter le temps<\/blockquote>\r\n<p dir=\"ltr\"><strong>D\u00e9part le dimanche 23 octobre \u00e0 16h00 de Auckland pour arriver le 22 octobre \u00e0 22h00 \u00e0 Papeete\r\n<\/strong><\/p>\r\n<p dir=\"ltr\">Impasse sur Bora-Bora pour mieux profiter des poissons \u00e0 Rangiroa (Tuamotu) et profiter des belles propri\u00e9t\u00e9s de Moorea.<\/p>\r\n\r\n<blockquote>Un vol \u00e0 ne pas rater<\/blockquote>\r\n<p dir=\"ltr\"><strong>Dans la nuit du 31 octobre au 1er novembre, d\u00e9part pour l\u2019ile de P\u00e2ques<\/strong> \u00e0 bord de l'unique vol hebdomadaire reliant la Polyn\u00e9sie \u00e0 Rapa Nui (arriv\u00e9e dans l\u2019apr\u00e8s midi).<\/p>\r\n<p dir=\"ltr\">3 jours et demi au milieu du Pacifique pour essayer de d\u00e9couvrir cette civilisation disparue.<\/p>\r\n\r\n<blockquote>Retour sur le contient<\/blockquote>\r\n<p dir=\"ltr\"><strong>Envol le 5 novembre pour Santiago du Chili et retrouver le contient<\/strong>. Apr\u00e8s une nuit \u00e0 l\u2019a\u00e9roport, <strong>nous repartons le 6 pour le nord du Chili et l\u2019a\u00e9roport de Calama.\r\n<\/strong><\/p>\r\n\r\n<blockquote>C\u2019est \u00e0 ce moment que les choses deviennent floues et plus impr\u00e9vues !<\/blockquote>\r\n<p dir=\"ltr\">Une fois \u00e0 Calama les choses seront beaucoup plus impr\u00e9vues. La seule contrainte est d\u2019<strong>\u00eatre de retour \u00e0 Santiago pour le 9 d\u00e9cembre<\/strong>.<\/p>\r\n<p dir=\"ltr\">Entre temps nous irons faire un tour dans le d\u00e9sert <strong>d\u2019Atacama<\/strong>, puis passerons en Argentine pour arriver en Bolivie vers Tupiza. Ce sera ensuite le <strong>Salar<\/strong> <strong>d\u2019Uyuni<\/strong> et pourquoi pas une rando sur un volcan \u00e0 plus de 5000m\u2026\r\nEnsuite un petit circuit pour d\u00e9couvrir la Bolivie et peut \u00eatre l\u2019Amazonie, le lac Titicaca\u2026 avant de revenir \u00e0 Santiago.<\/p>\r\n<p dir=\"ltr\">Nous profiterons ensuite des environs de Santiago, entre <strong>Valparaiso<\/strong> et pourquoi pas passer la cordill\u00e8re des Andes au pied de l\u2019Aconcagua pour arriver sur <strong>Mendoza<\/strong> en Argentine et profiter de la r\u00e9gion vinicole.<\/p>\r\n\r\n<blockquote>Direction la Patagonie<\/blockquote>\r\n<p dir=\"ltr\">Nous partons pour le nord de la Patagonie chilienne le 9 d\u00e9cembre, <strong>direction Balmaceda<\/strong> via une escale technique \u00e0 Puerto Montt sur la route.\r\nNous d\u00e9cendrons ensuite tranquillement jusqu\u2019\u00e0 <strong>Ushuaia o\u00f9 nous devons \u00eatre le 27 d\u00e9cembre<\/strong>. Entre temps, conduite sur la Careta Austral, la Ruta 40, rando \u00e0 Torres Del Paine, marche sur le Perito Moreno avant d\u2019arriver \u00ab au bout du monde \u00bb.<\/p>\r\n\r\n<blockquote>Retour vers Buenos Aires<\/blockquote>\r\n<p dir=\"ltr\">Le <strong>27 d\u00e9cembre nous remonterons vers BA<\/strong> o\u00f9 nous passerons le nouvel an et en repartirons le 3 janvier aux aurores<\/p>\r\n\r\n<blockquote>Pour finir en beaut\u00e9<\/blockquote>\r\n<p dir=\"ltr\">Le <strong>3 janvier nous partirons vers la derni\u00e8re \u00e9tape du parcours : Cuba !<\/strong> Le trajet s\u2019annonce par contre chaotique. Entre le d\u00e9part \u00e0 4h35 du matin de Buenos Aires et l\u2019escale de seulement 1h15 \u00e0 Lima pour changer d\u2019avion, c\u2019est pas sur que les bagages suivront\u2026 Nous patienterons \u00e0 La Havane avec un verre de rhum !<\/p>\r\n\r\n<blockquote>C\u2019est la fin\u2026 \ud83d\ude41<\/blockquote>\r\n<p dir=\"ltr\">Dans la <strong>soir\u00e9e du 14 janvier, ce sera le grand retour<\/strong>, tout d\u2019abord Madrid puis ensuite Orly.<\/p>\r\n<p dir=\"ltr\">\r\nPour ceux qui pr\u00e9f\u00e8rent un tableau aux longs discours, le r\u00e9sum\u00e9 des principaux vols ci-dessous :<\/p>\r\n\r\n<blockquote><u>26 septembre<\/u> : Paris - Doha\r\n<u>27 septembre<\/u> : Doha - Sydney\r\n<u>3 octobre<\/u> : Sydney - Queenstown\r\n<u>23 octobre<\/u> : Auckland - Papeete\r\n<u>1er novembre<\/u> : Papeete - Ile de P\u00e2ques\r\n<u>5 novembre<\/u> : Ile de P\u00e2ques - Santiago\r\n<u>6 novembre<\/u> : Santiago - Calama\r\n<u>9 d\u00e9cembre<\/u> : Santiago - Balmaceda\r\n<u>27 d\u00e9cembre<\/u> : Ushuaia - Buenos Aires\r\n<u>3 janvier<\/u> : Buenos Aires - Lima - La Havane\r\n<u>14 janvier<\/u> : La Havane - Madrid\r\n<u>15 janvier<\/u> : Madrid - Paris<\/blockquote>","protected":false},"excerpt":{"rendered":"<p>Pour les personnes qui souhaiteraient nous suivre voustrouverez ci-dessous les grandes \u00e9tapes avec les dates des vols internationaux pr\u00e9vus initialement. Tout pouvant \u00eatre amen\u00e9 \u00e0 \u00e9voluer, si modification il y a nous tacherons d\u2019essayer de maintenir cette page \u00e0 jour.&hellip; <\/p>\n","protected":false},"author":1,"featured_media":0,"parent":0,"menu_order":0,"comment_status":"open","ping_status":"closed","template":"","meta":[],"_links":{"self":[{"href":"http:\/\/audreyetkevin.fr\/voyage\/index.php\/wp-json\/wp\/v2\/pages\/2"}],"collection":[{"href":"http:\/\/audreyetkevin.fr\/voyage\/index.php\/wp-json\/wp\/v2\/pages"}],"about":[{"href":"http:\/\/audreyetkevin.fr\/voyage\/index.php\/wp-json\/wp\/v2\/types\/page"}],"author":[{"embeddable":true,"href":"http:\/\/audreyetkevin.fr\/voyage\/index.php\/wp-json\/wp\/v2\/users\/1"}],"replies":[{"embeddable":true,"href":"http:\/\/audreyetkevin.fr\/voyage\/index.php\/wp-json\/wp\/v2\/comments?post=2"}],"version-history":[{"count":12,"href":"http:\/\/audreyetkevin.fr\/voyage\/index.php\/wp-json\/wp\/v2\/pages\/2\/revisions"}],"predecessor-version":[{"id":119,"href":"http:\/\/audreyetkevin.fr\/voyage\/index.php\/wp-json\/wp\/v2\/pages\/2\/revisions\/119"}],"wp:attachment":[{"href":"http:\/\/audreyetkevin.fr\/voyage\/index.php\/wp-json\/wp\/v2\/media?parent=2"}],"curies":[{"name":"wp","href":"https:\/\/api.w.org\/{rel}","templated":true}]}}